{"id":1825,"date":"2022-06-13T16:45:46","date_gmt":"2022-06-13T14:45:46","guid":{"rendered":"https:\/\/donboscocairo.org\/chi-siamo\/"},"modified":"2022-07-20T16:49:01","modified_gmt":"2022-07-20T14:49:01","slug":"chi-siamo","status":"publish","type":"page","link":"https:\/\/donboscocairo.org\/it\/chi-siamo\/","title":{"rendered":"Chi Siamo"},"content":{"rendered":"\t\t<div data-elementor-type=\"wp-page\" data-elementor-id=\"1825\" class=\"elementor elementor-1825 elementor-48\" data-elementor-post-type=\"page\">\n\t\t\t\t\t\t<section class=\"has_ae_slider elementor-section elementor-top-section elementor-element elementor-element-03834e0 elementor-section-content-middle elementor-reverse-tablet elementor-reverse-mobile elementor-section-boxed elementor-section-height-default elementor-section-height-default ae-bg-gallery-type-default\" data-id=\"03834e0\" data-element_type=\"section\">\n\t\t\t\t\t\t<div class=\"elementor-container elementor-column-gap-default\">\n\t\t\t\t\t<div class=\"has_ae_slider elementor-column elementor-col-50 elementor-top-column elementor-element elementor-element-8b56da1 ae-bg-gallery-type-default\" data-id=\"8b56da1\" data-element_type=\"column\">\n\t\t\t<div class=\"elementor-widget-wrap elementor-element-populated\">\n\t\t\t\t\t\t<div class=\"elementor-element elementor-element-3f752ce elementor-widget elementor-widget-text-editor\" data-id=\"3f752ce\" data-element_type=\"widget\" data-widget_type=\"text-editor.default\">\n\t\t\t\t<div class=\"elementor-widget-container\">\n\t\t\t\t\t\t\t\t\t<p>Noi, Salesiani di Don Bosco, siamo un&#8217;organizzazione internazionale di sacerdoti e fratelli cattolici dediti al servizio per i giovani, specialmente per quelli svantaggiati ed emarginati. Siamo fedeli al Sistema Preventivo di \u201cragione, religione e amorevolezza\u201d di Don Bosco e ci impegniamo a creare ambienti caratterizzati da senso di appartenenza (casa), spirito di fede (parrocchia), apprendimento dinamico (scuola) e interazione sociale impegnata (campi da gioco).<\/p><p>Siamo stati fondati a met\u00e0 del 1800 da San Giovanni Bosco, un santo educatore italiano. I Salesiani di Don Bosco nel mondo sono 14.114 e sono presenti in 134 Paesi dei sei continenti. Le nostre opere possono essere raggruppate in Regioni, Ispettorie e Presenze locali. Tutte queste, compresa la nostra Ispettoria del Medio Oriente (MOR), appartengono alla Famiglia Salesiana. La Famiglia Salesiana \u00e8 un movimento pi\u00f9 ampio dell\u2019istituzione religiosa stessa e comprende diversi gruppi di persone (anche laici) impegnati al servizio dei giovani.<\/p><p><em>Camminando con i giovani<\/em> partecipi a questa avventura!<\/p>\t\t\t\t\t\t\t\t<\/div>\n\t\t\t\t<\/div>\n\t\t\t\t<div class=\"elementor-element elementor-element-f1d1b0c elementor-mobile-align-center elementor-widget elementor-widget-button\" data-id=\"f1d1b0c\" data-element_type=\"widget\" data-widget_type=\"button.default\">\n\t\t\t\t<div class=\"elementor-widget-container\">\n\t\t\t\t\t\t\t\t\t<div class=\"elementor-button-wrapper\">\n\t\t\t\t\t<a class=\"elementor-button elementor-button-link elementor-size-sm\" href=\"https:\/\/donboscocairo.org\/it\/chi-siamo\/chi-siamo\/\">\n\t\t\t\t\t\t<span class=\"elementor-button-content-wrapper\">\n\t\t\t\t\t\t\t\t\t<span class=\"elementor-button-text\">Maggiori informazioni su di noi<\/span>\n\t\t\t\t\t<\/span>\n\t\t\t\t\t<\/a>\n\t\t\t\t<\/div>\n\t\t\t\t\t\t\t\t<\/div>\n\t\t\t\t<\/div>\n\t\t\t\t\t<\/div>\n\t\t<\/div>\n\t\t\t\t<div class=\"has_ae_slider elementor-column elementor-col-50 elementor-top-column elementor-element elementor-element-d470fbb ae-bg-gallery-type-default\" data-id=\"d470fbb\" data-element_type=\"column\">\n\t\t\t<div class=\"elementor-widget-wrap elementor-element-populated\">\n\t\t\t\t\t\t<div class=\"elementor-element elementor-element-9e7f6ec elementor-widget elementor-widget-theme-post-featured-image elementor-widget-image\" data-id=\"9e7f6ec\" data-element_type=\"widget\" data-widget_type=\"theme-post-featured-image.default\">\n\t\t\t\t<div class=\"elementor-widget-container\">\n\t\t\t\t\t\t\t\t\t\t\t\t\t\t\t<img fetchpriority=\"high\" decoding=\"async\" width=\"800\" height=\"533\" src=\"https:\/\/donboscocairo.org\/wp-content\/uploads\/2022\/06\/Istituto-Salesiano-Don-Bosco-2.webp\" class=\"attachment-large size-large wp-image-287\" alt=\"Istituto Salesiano Don Bosco\" srcset=\"https:\/\/donboscocairo.org\/wp-content\/uploads\/2022\/06\/Istituto-Salesiano-Don-Bosco-2.webp 800w, https:\/\/donboscocairo.org\/wp-content\/uploads\/2022\/06\/Istituto-Salesiano-Don-Bosco-2-400x267.webp 400w, https:\/\/donboscocairo.org\/wp-content\/uploads\/2022\/06\/Istituto-Salesiano-Don-Bosco-2-150x100.webp 150w, https:\/\/donboscocairo.org\/wp-content\/uploads\/2022\/06\/Istituto-Salesiano-Don-Bosco-2-768x512.webp 768w\" sizes=\"(max-width: 800px) 100vw, 800px\" \/>\t\t\t\t\t\t\t\t\t\t\t\t\t\t\t<\/div>\n\t\t\t\t<\/div>\n\t\t\t\t\t<\/div>\n\t\t<\/div>\n\t\t\t\t\t<\/div>\n\t\t<\/section>\n\t\t\t\t<section class=\"has_ae_slider elementor-section elementor-top-section elementor-element elementor-element-5da1f18 elementor-reverse-mobile elementor-section-boxed elementor-section-height-default elementor-section-height-default ae-bg-gallery-type-default\" data-id=\"5da1f18\" data-element_type=\"section\" data-settings=\"{&quot;background_background&quot;:&quot;classic&quot;}\">\n\t\t\t\t\t\t<div class=\"elementor-container elementor-column-gap-default\">\n\t\t\t\t\t<div class=\"has_ae_slider elementor-column elementor-col-50 elementor-top-column elementor-element elementor-element-b8540b7 ae-bg-gallery-type-default\" data-id=\"b8540b7\" data-element_type=\"column\">\n\t\t\t<div class=\"elementor-widget-wrap elementor-element-populated\">\n\t\t\t\t\t\t<div class=\"elementor-element elementor-element-fe212fb elementor-widget elementor-widget-text-editor\" data-id=\"fe212fb\" data-element_type=\"widget\" data-widget_type=\"text-editor.default\">\n\t\t\t\t<div class=\"elementor-widget-container\">\n\t\t\t\t\t\t\t\t\t<p><strong>Il don Bosco vanta una presenza quasi centenaria al Cairo.<\/strong><\/p><p>Arrivati nel 1926, i salesiani si sono da subito dedicati all\u2019insegnamento e alla formazione delle giovani generazioni: in un primo momento per la comunit\u00e0 italiana presente in Egitto; successivamente ai giovani del luogo che di anno in anno sono diventati la maggioranza per ora essere la totalit\u00e0.<\/p>\t\t\t\t\t\t\t\t<\/div>\n\t\t\t\t<\/div>\n\t\t\t\t<div class=\"elementor-element elementor-element-683e879 elementor-mobile-align-center elementor-widget elementor-widget-button\" data-id=\"683e879\" data-element_type=\"widget\" data-widget_type=\"button.default\">\n\t\t\t\t<div class=\"elementor-widget-container\">\n\t\t\t\t\t\t\t\t\t<div class=\"elementor-button-wrapper\">\n\t\t\t\t\t<a class=\"elementor-button elementor-button-link elementor-size-sm\" href=\"https:\/\/donboscocairo.org\/it\/chi-siamo\/storia\/\">\n\t\t\t\t\t\t<span class=\"elementor-button-content-wrapper\">\n\t\t\t\t\t\t\t\t\t<span class=\"elementor-button-text\">La nostra storia<\/span>\n\t\t\t\t\t<\/span>\n\t\t\t\t\t<\/a>\n\t\t\t\t<\/div>\n\t\t\t\t\t\t\t\t<\/div>\n\t\t\t\t<\/div>\n\t\t\t\t\t<\/div>\n\t\t<\/div>\n\t\t\t\t<div class=\"has_ae_slider elementor-column elementor-col-50 elementor-top-column elementor-element elementor-element-8095fd0 ae-bg-gallery-type-default\" data-id=\"8095fd0\" data-element_type=\"column\">\n\t\t\t<div class=\"elementor-widget-wrap elementor-element-populated\">\n\t\t\t\t\t\t<div class=\"elementor-element elementor-element-fba1db7 elementor-widget elementor-widget-image\" data-id=\"fba1db7\" data-element_type=\"widget\" data-widget_type=\"image.default\">\n\t\t\t\t<div class=\"elementor-widget-container\">\n\t\t\t\t\t\t\t\t\t\t\t\t\t\t\t<img decoding=\"async\" width=\"258\" height=\"195\" src=\"https:\/\/donboscocairo.org\/wp-content\/uploads\/2022\/06\/History-1.webp\" class=\"attachment-medium size-medium wp-image-227\" alt=\"Storia\" srcset=\"https:\/\/donboscocairo.org\/wp-content\/uploads\/2022\/06\/History-1.webp 258w, https:\/\/donboscocairo.org\/wp-content\/uploads\/2022\/06\/History-1-150x113.webp 150w\" sizes=\"(max-width: 258px) 100vw, 258px\" \/>\t\t\t\t\t\t\t\t\t\t\t\t\t\t\t<\/div>\n\t\t\t\t<\/div>\n\t\t\t\t\t<\/div>\n\t\t<\/div>\n\t\t\t\t\t<\/div>\n\t\t<\/section>\n\t\t\t\t<section class=\"has_ae_slider elementor-section elementor-top-section elementor-element elementor-element-3542cd6 elementor-section-content-middle elementor-reverse-tablet elementor-reverse-mobile elementor-section-boxed elementor-section-height-default elementor-section-height-default ae-bg-gallery-type-default\" data-id=\"3542cd6\" data-element_type=\"section\" data-settings=\"{&quot;background_background&quot;:&quot;classic&quot;}\">\n\t\t\t\t\t\t<div class=\"elementor-container elementor-column-gap-default\">\n\t\t\t\t\t<div class=\"has_ae_slider elementor-column elementor-col-50 elementor-top-column elementor-element elementor-element-bdc6556 ae-bg-gallery-type-default\" data-id=\"bdc6556\" data-element_type=\"column\">\n\t\t\t<div class=\"elementor-widget-wrap elementor-element-populated\">\n\t\t\t\t\t\t<div class=\"elementor-element elementor-element-1af26f2 elementor-widget elementor-widget-text-editor\" data-id=\"1af26f2\" data-element_type=\"widget\" data-widget_type=\"text-editor.default\">\n\t\t\t\t<div class=\"elementor-widget-container\">\n\t\t\t\t\t\t\t\t\t<p><b>Ho promesso a Dio che fino al mio ultimo respiro sarebbe stato per i miei poveri giovani. Io per voi studio, per voi lavoro, per voi vivo. Per voi sono anche disposto a dare la vita.<\/b><\/p><p><b>San Giovanni Bosco<\/b><\/p><p> <\/p><p>Don Bosco, leggendario Santo italiano, luminoso pedagogo e grande paladino della giovinezza, \u00e8 la nostra ispirazione e stella polare. <\/p><p>Lo studiamo e lo imitiamo, ammirando in lui uno splendido accordo di personalit\u00e0 e beatitudine.<\/p><p>Profondamente uomo, ricco delle virt\u00f9 della sua gente, egli era aperto alle realt\u00e0 terrestri; profondamente uomo di Dio, ricolmo dei doni dello Spirito Santo, viveva \u201ccome se vedesse l\u2019invisibile\u201d.<\/p><p>Questi due aspetti si sono fusi in un progetto di vita fortemente unitario: il servizio ai giovani. Lo realizz\u00f2 con fermezza e costanza, fra ostacoli e fatiche, con la sensibilit\u00e0 di un cuore generoso.<\/p><p>La magnifica visione di Don Bosco di raggiungere milioni di giovani in tutto il mondo si sta realizzando oggi attraverso i suoi fedeli seguaci: sacerdoti, fratelli e laici. Attraverso la variet\u00e0 di attivit\u00e0 e varie iniziative aiutiamo i giovani a trovare la felicit\u00e0 e a condurre una vita significativa. La sede \u00e8 a Roma e ha filiali in 134 paesi. Siamo riconosciuti a livello mondiale come specialisti nel campo dell&#8217;istruzione per i giovani.<\/p>\t\t\t\t\t\t\t\t<\/div>\n\t\t\t\t<\/div>\n\t\t\t\t\t<\/div>\n\t\t<\/div>\n\t\t\t\t<div class=\"has_ae_slider elementor-column elementor-col-50 elementor-top-column elementor-element elementor-element-47f121c ae-bg-gallery-type-default\" data-id=\"47f121c\" data-element_type=\"column\">\n\t\t\t<div class=\"elementor-widget-wrap elementor-element-populated\">\n\t\t\t\t\t\t<div class=\"elementor-element elementor-element-9bb8fc4 elementor-widget elementor-widget-image\" data-id=\"9bb8fc4\" data-element_type=\"widget\" data-widget_type=\"image.default\">\n\t\t\t\t<div class=\"elementor-widget-container\">\n\t\t\t\t\t\t\t\t\t\t\t\t\t\t\t<img decoding=\"async\" width=\"335\" height=\"500\" src=\"https:\/\/donboscocairo.org\/wp-content\/uploads\/2022\/06\/DON-BOSCO.webp\" class=\"attachment-large size-large wp-image-208\" alt=\"DON BOSCO\" srcset=\"https:\/\/donboscocairo.org\/wp-content\/uploads\/2022\/06\/DON-BOSCO.webp 335w, https:\/\/donboscocairo.org\/wp-content\/uploads\/2022\/06\/DON-BOSCO-268x400.webp 268w, https:\/\/donboscocairo.org\/wp-content\/uploads\/2022\/06\/DON-BOSCO-101x150.webp 101w\" sizes=\"(max-width: 335px) 100vw, 335px\" \/>\t\t\t\t\t\t\t\t\t\t\t\t\t\t\t<\/div>\n\t\t\t\t<\/div>\n\t\t\t\t\t<\/div>\n\t\t<\/div>\n\t\t\t\t\t<\/div>\n\t\t<\/section>\n\t\t\t\t<\/div>\n\t\t","protected":false},"excerpt":{"rendered":"<p>Noi, Salesiani di Don Bosco, siamo un&#8217;organizzazione internazionale di sacerdoti e fratelli cattolici dediti al servizio per i giovani, specialmente per quelli svantaggiati ed emarginati. Siamo fedeli al Sistema Preventivo di \u201cragione, religione e amorevolezza\u201d di Don Bosco e ci impegniamo a creare ambienti caratterizzati da senso di appartenenza (casa), spirito di fede (parrocchia), apprendimento [&hellip;]<\/p>\n","protected":false},"author":1,"featured_media":287,"parent":0,"menu_order":0,"comment_status":"closed","ping_status":"closed","template":"","meta":{"footnotes":""},"class_list":["post-1825","page","type-page","status-publish","has-post-thumbnail","hentry"],"acf":[],"yoast_head":"<!-- This site is optimized with the Yoast SEO Premium plugin v24.4 (Yoast SEO v24.5) - https:\/\/yoast.com\/wordpress\/plugins\/seo\/ -->\n<title>Chi Siamo - Istituto Salesiano Don Bosco<\/title>\n<meta name=\"robots\" content=\"index, follow, max-snippet:-1, max-image-preview:large, max-video-preview:-1\" \/>\n<link rel=\"canonical\" href=\"https:\/\/donboscocairo.org\/it\/chi-siamo\/\" \/>\n<meta property=\"og:locale\" content=\"it_IT\" \/>\n<meta property=\"og:type\" content=\"article\" \/>\n<meta property=\"og:title\" content=\"Chi Siamo\" \/>\n<meta property=\"og:description\" content=\"Noi, Salesiani di Don Bosco, siamo un&#8217;organizzazione internazionale di sacerdoti e fratelli cattolici dediti al servizio per i giovani, specialmente per quelli svantaggiati ed emarginati. Siamo fedeli al Sistema Preventivo di \u201cragione, religione e amorevolezza\u201d di Don Bosco e ci impegniamo a creare ambienti caratterizzati da senso di appartenenza (casa), spirito di fede (parrocchia), apprendimento [&hellip;]\" \/>\n<meta property=\"og:url\" content=\"https:\/\/donboscocairo.org\/it\/chi-siamo\/\" \/>\n<meta property=\"og:site_name\" content=\"Istituto Salesiano Don Bosco\" \/>\n<meta property=\"article:modified_time\" content=\"2022-07-20T14:49:01+00:00\" \/>\n<meta property=\"og:image\" content=\"https:\/\/donboscocairo.org\/wp-content\/uploads\/2022\/06\/Istituto-Salesiano-Don-Bosco-2.webp\" \/>\n\t<meta property=\"og:image:width\" content=\"800\" \/>\n\t<meta property=\"og:image:height\" content=\"533\" \/>\n\t<meta property=\"og:image:type\" content=\"image\/webp\" \/>\n<meta name=\"twitter:card\" content=\"summary_large_image\" \/>\n<meta name=\"twitter:label1\" content=\"Tempo di lettura stimato\" \/>\n\t<meta name=\"twitter:data1\" content=\"2 minuti\" \/>\n<script type=\"application\/ld+json\" class=\"yoast-schema-graph\">{\"@context\":\"https:\/\/schema.org\",\"@graph\":[{\"@type\":\"WebPage\",\"@id\":\"https:\/\/donboscocairo.org\/it\/chi-siamo\/\",\"url\":\"https:\/\/donboscocairo.org\/it\/chi-siamo\/\",\"name\":\"Chi Siamo - Istituto Salesiano Don Bosco\",\"isPartOf\":{\"@id\":\"https:\/\/donboscocairo.org\/it\/#website\"},\"primaryImageOfPage\":{\"@id\":\"https:\/\/donboscocairo.org\/it\/chi-siamo\/#primaryimage\"},\"image\":{\"@id\":\"https:\/\/donboscocairo.org\/it\/chi-siamo\/#primaryimage\"},\"thumbnailUrl\":\"https:\/\/donboscocairo.org\/wp-content\/uploads\/2022\/06\/Istituto-Salesiano-Don-Bosco-2.webp\",\"datePublished\":\"2022-06-13T14:45:46+00:00\",\"dateModified\":\"2022-07-20T14:49:01+00:00\",\"breadcrumb\":{\"@id\":\"https:\/\/donboscocairo.org\/it\/chi-siamo\/#breadcrumb\"},\"inLanguage\":\"it-IT\",\"potentialAction\":[{\"@type\":\"ReadAction\",\"target\":[\"https:\/\/donboscocairo.org\/it\/chi-siamo\/\"]}]},{\"@type\":\"ImageObject\",\"inLanguage\":\"it-IT\",\"@id\":\"https:\/\/donboscocairo.org\/it\/chi-siamo\/#primaryimage\",\"url\":\"https:\/\/donboscocairo.org\/wp-content\/uploads\/2022\/06\/Istituto-Salesiano-Don-Bosco-2.webp\",\"contentUrl\":\"https:\/\/donboscocairo.org\/wp-content\/uploads\/2022\/06\/Istituto-Salesiano-Don-Bosco-2.webp\",\"width\":800,\"height\":533,\"caption\":\"Istituto Salesiano Don Bosco\"},{\"@type\":\"BreadcrumbList\",\"@id\":\"https:\/\/donboscocairo.org\/it\/chi-siamo\/#breadcrumb\",\"itemListElement\":[{\"@type\":\"ListItem\",\"position\":1,\"name\":\"Home\",\"item\":\"https:\/\/donboscocairo.org\/it\/\"},{\"@type\":\"ListItem\",\"position\":2,\"name\":\"Chi Siamo\"}]},{\"@type\":\"WebSite\",\"@id\":\"https:\/\/donboscocairo.org\/it\/#website\",\"url\":\"https:\/\/donboscocairo.org\/it\/\",\"name\":\"Istituto Salesiano Don Bosco\",\"description\":\"Noi, come Istituzione Salesiana, siamo orgogliosi della nostra presenza centenaria e del nostro servizio al Cairo\",\"publisher\":{\"@id\":\"https:\/\/donboscocairo.org\/it\/#organization\"},\"potentialAction\":[{\"@type\":\"SearchAction\",\"target\":{\"@type\":\"EntryPoint\",\"urlTemplate\":\"https:\/\/donboscocairo.org\/it\/?s={search_term_string}\"},\"query-input\":{\"@type\":\"PropertyValueSpecification\",\"valueRequired\":true,\"valueName\":\"search_term_string\"}}],\"inLanguage\":\"it-IT\"},{\"@type\":[\"Organization\",\"Place\"],\"@id\":\"https:\/\/donboscocairo.org\/it\/#organization\",\"name\":\"Istituto Salesiano Don Bosco\",\"url\":\"https:\/\/donboscocairo.org\/it\/\",\"logo\":{\"@id\":\"https:\/\/donboscocairo.org\/it\/chi-siamo\/#local-main-organization-logo\"},\"image\":{\"@id\":\"https:\/\/donboscocairo.org\/it\/chi-siamo\/#local-main-organization-logo\"},\"openingHoursSpecification\":[{\"@type\":\"OpeningHoursSpecification\",\"dayOfWeek\":[\"Sunday\",\"Monday\",\"Tuesday\",\"Wednesday\",\"Thursday\",\"Friday\",\"Saturday\"],\"opens\":\"09:00\",\"closes\":\"17:00\"}]},{\"@type\":\"ImageObject\",\"inLanguage\":\"it-IT\",\"@id\":\"https:\/\/donboscocairo.org\/it\/chi-siamo\/#local-main-organization-logo\",\"url\":\"https:\/\/donboscocairo.org\/wp-content\/uploads\/2022\/07\/Icon.png\",\"contentUrl\":\"https:\/\/donboscocairo.org\/wp-content\/uploads\/2022\/07\/Icon.png\",\"width\":500,\"height\":500,\"caption\":\"Istituto Salesiano Don Bosco\"}]}<\/script>\n<!-- \/ Yoast SEO Premium plugin. -->","yoast_head_json":{"title":"Chi Siamo - Istituto Salesiano Don Bosco","robots":{"index":"index","follow":"follow","max-snippet":"max-snippet:-1","max-image-preview":"max-image-preview:large","max-video-preview":"max-video-preview:-1"},"canonical":"https:\/\/donboscocairo.org\/it\/chi-siamo\/","og_locale":"it_IT","og_type":"article","og_title":"Chi Siamo","og_description":"Noi, Salesiani di Don Bosco, siamo un&#8217;organizzazione internazionale di sacerdoti e fratelli cattolici dediti al servizio per i giovani, specialmente per quelli svantaggiati ed emarginati. Siamo fedeli al Sistema Preventivo di \u201cragione, religione e amorevolezza\u201d di Don Bosco e ci impegniamo a creare ambienti caratterizzati da senso di appartenenza (casa), spirito di fede (parrocchia), apprendimento [&hellip;]","og_url":"https:\/\/donboscocairo.org\/it\/chi-siamo\/","og_site_name":"Istituto Salesiano Don Bosco","article_modified_time":"2022-07-20T14:49:01+00:00","og_image":[{"width":800,"height":533,"url":"https:\/\/donboscocairo.org\/wp-content\/uploads\/2022\/06\/Istituto-Salesiano-Don-Bosco-2.webp","type":"image\/webp"}],"twitter_card":"summary_large_image","twitter_misc":{"Tempo di lettura stimato":"2 minuti"},"schema":{"@context":"https:\/\/schema.org","@graph":[{"@type":"WebPage","@id":"https:\/\/donboscocairo.org\/it\/chi-siamo\/","url":"https:\/\/donboscocairo.org\/it\/chi-siamo\/","name":"Chi Siamo - Istituto Salesiano Don Bosco","isPartOf":{"@id":"https:\/\/donboscocairo.org\/it\/#website"},"primaryImageOfPage":{"@id":"https:\/\/donboscocairo.org\/it\/chi-siamo\/#primaryimage"},"image":{"@id":"https:\/\/donboscocairo.org\/it\/chi-siamo\/#primaryimage"},"thumbnailUrl":"https:\/\/donboscocairo.org\/wp-content\/uploads\/2022\/06\/Istituto-Salesiano-Don-Bosco-2.webp","datePublished":"2022-06-13T14:45:46+00:00","dateModified":"2022-07-20T14:49:01+00:00","breadcrumb":{"@id":"https:\/\/donboscocairo.org\/it\/chi-siamo\/#breadcrumb"},"inLanguage":"it-IT","potentialAction":[{"@type":"ReadAction","target":["https:\/\/donboscocairo.org\/it\/chi-siamo\/"]}]},{"@type":"ImageObject","inLanguage":"it-IT","@id":"https:\/\/donboscocairo.org\/it\/chi-siamo\/#primaryimage","url":"https:\/\/donboscocairo.org\/wp-content\/uploads\/2022\/06\/Istituto-Salesiano-Don-Bosco-2.webp","contentUrl":"https:\/\/donboscocairo.org\/wp-content\/uploads\/2022\/06\/Istituto-Salesiano-Don-Bosco-2.webp","width":800,"height":533,"caption":"Istituto Salesiano Don Bosco"},{"@type":"BreadcrumbList","@id":"https:\/\/donboscocairo.org\/it\/chi-siamo\/#breadcrumb","itemListElement":[{"@type":"ListItem","position":1,"name":"Home","item":"https:\/\/donboscocairo.org\/it\/"},{"@type":"ListItem","position":2,"name":"Chi Siamo"}]},{"@type":"WebSite","@id":"https:\/\/donboscocairo.org\/it\/#website","url":"https:\/\/donboscocairo.org\/it\/","name":"Istituto Salesiano Don Bosco","description":"Noi, come Istituzione Salesiana, siamo orgogliosi della nostra presenza centenaria e del nostro servizio al Cairo","publisher":{"@id":"https:\/\/donboscocairo.org\/it\/#organization"},"potentialAction":[{"@type":"SearchAction","target":{"@type":"EntryPoint","urlTemplate":"https:\/\/donboscocairo.org\/it\/?s={search_term_string}"},"query-input":{"@type":"PropertyValueSpecification","valueRequired":true,"valueName":"search_term_string"}}],"inLanguage":"it-IT"},{"@type":["Organization","Place"],"@id":"https:\/\/donboscocairo.org\/it\/#organization","name":"Istituto Salesiano Don Bosco","url":"https:\/\/donboscocairo.org\/it\/","logo":{"@id":"https:\/\/donboscocairo.org\/it\/chi-siamo\/#local-main-organization-logo"},"image":{"@id":"https:\/\/donboscocairo.org\/it\/chi-siamo\/#local-main-organization-logo"},"openingHoursSpecification":[{"@type":"OpeningHoursSpecification","dayOfWeek":["Sunday","Monday","Tuesday","Wednesday","Thursday","Friday","Saturday"],"opens":"09:00","closes":"17:00"}]},{"@type":"ImageObject","inLanguage":"it-IT","@id":"https:\/\/donboscocairo.org\/it\/chi-siamo\/#local-main-organization-logo","url":"https:\/\/donboscocairo.org\/wp-content\/uploads\/2022\/07\/Icon.png","contentUrl":"https:\/\/donboscocairo.org\/wp-content\/uploads\/2022\/07\/Icon.png","width":500,"height":500,"caption":"Istituto Salesiano Don Bosco"}]}},"_links":{"self":[{"href":"https:\/\/donboscocairo.org\/it\/wp-json\/wp\/v2\/pages\/1825","targetHints":{"allow":["GET"]}}],"collection":[{"href":"https:\/\/donboscocairo.org\/it\/wp-json\/wp\/v2\/pages"}],"about":[{"href":"https:\/\/donboscocairo.org\/it\/wp-json\/wp\/v2\/types\/page"}],"author":[{"embeddable":true,"href":"https:\/\/donboscocairo.org\/it\/wp-json\/wp\/v2\/users\/1"}],"replies":[{"embeddable":true,"href":"https:\/\/donboscocairo.org\/it\/wp-json\/wp\/v2\/comments?post=1825"}],"version-history":[{"count":0,"href":"https:\/\/donboscocairo.org\/it\/wp-json\/wp\/v2\/pages\/1825\/revisions"}],"wp:featuredmedia":[{"embeddable":true,"href":"https:\/\/donboscocairo.org\/it\/wp-json\/wp\/v2\/media\/287"}],"wp:attachment":[{"href":"https:\/\/donboscocairo.org\/it\/wp-json\/wp\/v2\/media?parent=1825"}],"curies":[{"name":"wp","href":"https:\/\/api.w.org\/{rel}","templated":true}]}}